{"id":73,"date":"2023-01-28T13:00:20","date_gmt":"2023-01-28T13:00:20","guid":{"rendered":"https:\/\/antonialuetgens.com\/?page_id=73"},"modified":"2023-03-22T14:02:06","modified_gmt":"2023-03-22T14:02:06","slug":"consulting","status":"publish","type":"page","link":"https:\/\/antonialuetgens.com\/en\/consulting\/","title":{"rendered":"Consulting"},"content":{"rendered":"<p>Higher education 4.0 is facing immense challenges. What skills do graduates need today? What does New Work really mean? Who is training professionals for a sustainable and equitable world? And how can university education remain relevant in times of micro-credentials and YouTube?<\/p>\n\n\n\n<p>To shape the learning of the future, we need innovative solutions.<\/p>\n\n\n\n<p>I am a professional with over 10 years of experience in the higher education sector with particular expertise in quality assurance and accreditation. Let's navigate through the jungle of terms together. I am happy to learn about your current project and will efficiently support you in reaching your goals.<\/p>\n\n\n\n<p>I look forward to your <a href=\"https:\/\/antonialuetgens.com\/en\/kontakt\/\" data-type=\"page\" data-id=\"103\">message<\/a>!<\/p>\n\n\n\n<figure class=\"wp-block-image size-large is-resized\"><img fetchpriority=\"high\" decoding=\"async\" src=\"https:\/\/antonialuetgens.com\/wp-content\/uploads\/2023\/01\/DALL\u00b7E-2023-01-30-18.41.24-a-picture-of-a-wave-comic-art-1024x1024.png\" alt=\"\" class=\"wp-image-154\" width=\"399\" height=\"399\" title=\"a picture of a wave comic art \u00a9DALL\u00b7E\" srcset=\"https:\/\/antonialuetgens.com\/wp-content\/uploads\/2023\/01\/DALL\u00b7E-2023-01-30-18.41.24-a-picture-of-a-wave-comic-art.png 1024w, https:\/\/antonialuetgens.com\/wp-content\/uploads\/2023\/01\/DALL\u00b7E-2023-01-30-18.41.24-a-picture-of-a-wave-comic-art-300x300.png 300w, https:\/\/antonialuetgens.com\/wp-content\/uploads\/2023\/01\/DALL\u00b7E-2023-01-30-18.41.24-a-picture-of-a-wave-comic-art-150x150.png 150w, https:\/\/antonialuetgens.com\/wp-content\/uploads\/2023\/01\/DALL\u00b7E-2023-01-30-18.41.24-a-picture-of-a-wave-comic-art-768x768.png 768w\" sizes=\"(max-width: 399px) 100vw, 399px\" \/><figcaption class=\"wp-element-caption\">\u00a9DALL\u00b7E<\/figcaption><\/figure>","protected":false},"excerpt":{"rendered":"<p>Die Hochschulwelt 4.0 steht vor immensen Herausforderungen. Welche Skills ben\u00f6tigen Hochschulabsolventinnen und -absolventen heute? Was hei\u00dft New Work eigentlich wirklich? Wer bildet die Fachkr\u00e4fte f\u00fcr eine nachhaltige und gerechte Welt [&hellip;]<\/p>\n","protected":false},"author":1,"featured_media":0,"parent":0,"menu_order":0,"comment_status":"closed","ping_status":"closed","template":"","meta":{"_EventAllDay":false,"_EventTimezone":"","_EventStartDate":"","_EventEndDate":"","_EventStartDateUTC":"","_EventEndDateUTC":"","_EventShowMap":false,"_EventShowMapLink":false,"_EventURL":"","_EventCost":"","_EventCostDescription":"","_EventCurrencySymbol":"","_EventCurrencyCode":"","_EventCurrencyPosition":"","_EventDateTimeSeparator":"","_EventTimeRangeSeparator":"","_EventOrganizerID":[],"_EventVenueID":[],"_OrganizerEmail":"","_OrganizerPhone":"","_OrganizerWebsite":"","_VenueAddress":"","_VenueCity":"","_VenueCountry":"","_VenueProvince":"","_VenueState":"","_VenueZip":"","_VenuePhone":"","_VenueURL":"","_VenueStateProvince":"","_VenueLat":"","_VenueLng":"","_VenueShowMap":false,"_VenueShowMapLink":false,"footnotes":""},"class_list":["post-73","page","type-page","status-publish","hentry"],"_links":{"self":[{"href":"https:\/\/antonialuetgens.com\/en\/wp-json\/wp\/v2\/pages\/73","targetHints":{"allow":["GET"]}}],"collection":[{"href":"https:\/\/antonialuetgens.com\/en\/wp-json\/wp\/v2\/pages"}],"about":[{"href":"https:\/\/antonialuetgens.com\/en\/wp-json\/wp\/v2\/types\/page"}],"author":[{"embeddable":true,"href":"https:\/\/antonialuetgens.com\/en\/wp-json\/wp\/v2\/users\/1"}],"replies":[{"embeddable":true,"href":"https:\/\/antonialuetgens.com\/en\/wp-json\/wp\/v2\/comments?post=73"}],"version-history":[{"count":21,"href":"https:\/\/antonialuetgens.com\/en\/wp-json\/wp\/v2\/pages\/73\/revisions"}],"predecessor-version":[{"id":296,"href":"https:\/\/antonialuetgens.com\/en\/wp-json\/wp\/v2\/pages\/73\/revisions\/296"}],"wp:attachment":[{"href":"https:\/\/antonialuetgens.com\/en\/wp-json\/wp\/v2\/media?parent=73"}],"curies":[{"name":"wp","href":"https:\/\/api.w.org\/{rel}","templated":true}]}}